{"id":13995,"date":"2017-07-27T14:59:24","date_gmt":"2017-07-27T12:59:24","guid":{"rendered":"https:\/\/www.radioking.com\/blog\/?page_id=13995"},"modified":"2017-08-30T12:02:34","modified_gmt":"2017-08-30T10:02:34","slug":"boutique","status":"publish","type":"page","link":"https:\/\/fr.radioking.com\/blog\/boutique\/","title":{"rendered":"Bienvenue sur notre boutique"},"content":{"rendered":"<h3 style=\"text-align: center;\"><strong><img decoding=\"async\" class=\"aligncenter wp-image-14672 size-full lazyload\" data-src=\"https:\/\/www.radioking.com\/blog\/wp-content\/uploads\/2017\/07\/Fichier-1-1.png\" alt=\"\" width=\"400\" data-srcset=\"https:\/\/fr.radioking.com\/blog\/wp-content\/uploads\/2017\/07\/Fichier-1-1.png 600w, https:\/\/fr.radioking.com\/blog\/wp-content\/uploads\/2017\/07\/Fichier-1-1-300x125.png 300w, https:\/\/fr.radioking.com\/blog\/wp-content\/uploads\/2017\/07\/Fichier-1-1-500x208.png 500w, https:\/\/fr.radioking.com\/blog\/wp-content\/uploads\/2017\/07\/Fichier-1-1-400x166.png 400w, https:\/\/fr.radioking.com\/blog\/wp-content\/uploads\/2017\/07\/Fichier-1-1-200x83.png 200w, https:\/\/fr.radioking.com\/blog\/wp-content\/uploads\/2017\/07\/Fichier-1-1-50x21.png 50w\" data-sizes=\"(max-width: 600px) 100vw, 600px\" src=\"data:image\/gif;base64,R0lGODlhAQABAAAAACH5BAEKAAEALAAAAAABAAEAAAICTAEAOw==\" \/><noscript><img decoding=\"async\" class=\"aligncenter wp-image-14672 size-full\" src=\"https:\/\/www.radioking.com\/blog\/wp-content\/uploads\/2017\/07\/Fichier-1-1.png\" alt=\"\" width=\"400\" srcset=\"https:\/\/fr.radioking.com\/blog\/wp-content\/uploads\/2017\/07\/Fichier-1-1.png 600w, https:\/\/fr.radioking.com\/blog\/wp-content\/uploads\/2017\/07\/Fichier-1-1-300x125.png 300w, https:\/\/fr.radioking.com\/blog\/wp-content\/uploads\/2017\/07\/Fichier-1-1-500x208.png 500w, https:\/\/fr.radioking.com\/blog\/wp-content\/uploads\/2017\/07\/Fichier-1-1-400x166.png 400w, https:\/\/fr.radioking.com\/blog\/wp-content\/uploads\/2017\/07\/Fichier-1-1-200x83.png 200w, https:\/\/fr.radioking.com\/blog\/wp-content\/uploads\/2017\/07\/Fichier-1-1-50x21.png 50w\" sizes=\"(max-width: 600px) 100vw, 600px\" \/><\/noscript>D\u00c9COUVREZ TOUTE LA COLLECTION RADIOKING<\/strong><\/h3>\n<div id=\"myShop\"><a href=\"\/\/shop.spreadshirt.fr\/RadioKing\">RadioKing<\/a><\/div>\n<p><script>\n    var spread_shop_config = {\n        shopName: 'RadioKing',\n        locale: 'fr_FR',\n        prefix: '\/\/shop.spreadshirt.fr',\n        baseId: 'myShop'\n    };\n<\/script><\/p>\n<p><script type=\"text\/javascript\" src=\"\/\/shop.spreadshirt.fr\/shopfiles\/shopclient\/shopclient.nocache.js\">\n<\/script><\/p>\n<h3 style=\"text-align: center;\"><strong>Toute l&rsquo;\u00e9quipe l&rsquo;a d\u00e9j\u00e0 adopt\u00e9e, et vous ?\u00a0<\/strong><\/h3>\n<p style=\"text-align: center;\">\nPartagez-nous vos achats sur le hashtag <strong>#ILoveRadioKing<\/strong> !<\/p>\n\n\t\t<style type=\"text\/css\">\n\t\t\t#gallery-1 {\n\t\t\t\tmargin: auto;\n\t\t\t}\n\t\t\t#gallery-1 .gallery-item {\n\t\t\t\tfloat: left;\n\t\t\t\tmargin-top: 10px;\n\t\t\t\ttext-align: center;\n\t\t\t\twidth: 33%;\n\t\t\t}\n\t\t\t#gallery-1 img {\n\t\t\t\tborder: 2px solid #cfcfcf;\n\t\t\t}\n\t\t\t#gallery-1 .gallery-caption {\n\t\t\t\tmargin-left: 0;\n\t\t\t}\n\t\t\t\/* see gallery_shortcode() in wp-includes\/media.php *\/\n\t\t<\/style>\n\t\t<div id='gallery-1' class='gallery galleryid-13995 gallery-columns-3 gallery-size-large'><dl class='gallery-item'>\n\t\t\t<dt class='gallery-icon landscape'>\n\t\t\t\t<a href='https:\/\/fr.radioking.com\/blog\/boutique\/instagram1\/'><img width=\"640\" height=\"640\" data-src=\"https:\/\/fr.radioking.com\/blog\/wp-content\/uploads\/2017\/07\/Instagram1-640x640.jpg\" class=\"attachment-large size-large lazyload\" alt=\"\" decoding=\"async\" loading=\"lazy\" data-srcset=\"https:\/\/b3213589.smushcdn.com\/3213589\/wp-content\/uploads\/2017\/07\/Instagram1.jpg?lossy=0&amp;strip=1&amp;webp=1 640w, https:\/\/b3213589.smushcdn.com\/3213589\/wp-content\/uploads\/2017\/07\/Instagram1-150x150.jpg?lossy=0&amp;strip=1&amp;webp=1 150w, https:\/\/b3213589.smushcdn.com\/3213589\/wp-content\/uploads\/2017\/07\/Instagram1-300x300.jpg?lossy=0&amp;strip=1&amp;webp=1 300w, https:\/\/b3213589.smushcdn.com\/3213589\/wp-content\/uploads\/2017\/07\/Instagram1-500x500.jpg?lossy=0&amp;strip=1&amp;webp=1 500w, https:\/\/b3213589.smushcdn.com\/3213589\/wp-content\/uploads\/2017\/07\/Instagram1-400x400.jpg?lossy=0&amp;strip=1&amp;webp=1 400w, https:\/\/b3213589.smushcdn.com\/3213589\/wp-content\/uploads\/2017\/07\/Instagram1-200x200.jpg?lossy=0&amp;strip=1&amp;webp=1 200w, https:\/\/b3213589.smushcdn.com\/3213589\/wp-content\/uploads\/2017\/07\/Instagram1-50x50.jpg?lossy=0&amp;strip=1&amp;webp=1 50w\" data-sizes=\"(max-width: 640px) 100vw, 640px\" src=\"data:image\/gif;base64,R0lGODlhAQABAAAAACH5BAEKAAEALAAAAAABAAEAAAICTAEAOw==\" style=\"--smush-placeholder-width: 640px; --smush-placeholder-aspect-ratio: 640\/640;\" \/><noscript><img width=\"640\" height=\"640\" src=\"https:\/\/fr.radioking.com\/blog\/wp-content\/uploads\/2017\/07\/Instagram1-640x640.jpg\" class=\"attachment-large size-large\" alt=\"\" decoding=\"async\" loading=\"lazy\" srcset=\"https:\/\/b3213589.smushcdn.com\/3213589\/wp-content\/uploads\/2017\/07\/Instagram1.jpg?lossy=0&amp;strip=1&amp;webp=1 640w, https:\/\/b3213589.smushcdn.com\/3213589\/wp-content\/uploads\/2017\/07\/Instagram1-150x150.jpg?lossy=0&amp;strip=1&amp;webp=1 150w, https:\/\/b3213589.smushcdn.com\/3213589\/wp-content\/uploads\/2017\/07\/Instagram1-300x300.jpg?lossy=0&amp;strip=1&amp;webp=1 300w, https:\/\/b3213589.smushcdn.com\/3213589\/wp-content\/uploads\/2017\/07\/Instagram1-500x500.jpg?lossy=0&amp;strip=1&amp;webp=1 500w, https:\/\/b3213589.smushcdn.com\/3213589\/wp-content\/uploads\/2017\/07\/Instagram1-400x400.jpg?lossy=0&amp;strip=1&amp;webp=1 400w, https:\/\/b3213589.smushcdn.com\/3213589\/wp-content\/uploads\/2017\/07\/Instagram1-200x200.jpg?lossy=0&amp;strip=1&amp;webp=1 200w, https:\/\/b3213589.smushcdn.com\/3213589\/wp-content\/uploads\/2017\/07\/Instagram1-50x50.jpg?lossy=0&amp;strip=1&amp;webp=1 50w\" sizes=\"(max-width: 640px) 100vw, 640px\" \/><\/noscript><\/a>\n\t\t\t<\/dt><\/dl><dl class='gallery-item'>\n\t\t\t<dt class='gallery-icon portrait'>\n\t\t\t\t<a href='https:\/\/fr.radioking.com\/blog\/boutique\/21267820_10213394712159586_564762769_o\/'><img width=\"640\" height=\"640\" data-src=\"https:\/\/fr.radioking.com\/blog\/wp-content\/uploads\/2017\/07\/21267820_10213394712159586_564762769_o-640x640.jpg\" class=\"attachment-large size-large lazyload\" alt=\"\" decoding=\"async\" loading=\"lazy\" data-srcset=\"https:\/\/b3213589.smushcdn.com\/3213589\/wp-content\/uploads\/2017\/07\/21267820_10213394712159586_564762769_o-640x640.jpg?lossy=0&amp;strip=1&amp;webp=1 640w, https:\/\/b3213589.smushcdn.com\/3213589\/wp-content\/uploads\/2017\/07\/21267820_10213394712159586_564762769_o-150x150.jpg?lossy=0&amp;strip=1&amp;webp=1 150w, https:\/\/b3213589.smushcdn.com\/3213589\/wp-content\/uploads\/2017\/07\/21267820_10213394712159586_564762769_o-300x300.jpg?lossy=0&amp;strip=1&amp;webp=1 300w, https:\/\/b3213589.smushcdn.com\/3213589\/wp-content\/uploads\/2017\/07\/21267820_10213394712159586_564762769_o-768x769.jpg?lossy=0&amp;strip=1&amp;webp=1 768w, https:\/\/b3213589.smushcdn.com\/3213589\/wp-content\/uploads\/2017\/07\/21267820_10213394712159586_564762769_o-1240x1241.jpg?lossy=0&amp;strip=1&amp;webp=1 1240w, https:\/\/b3213589.smushcdn.com\/3213589\/wp-content\/uploads\/2017\/07\/21267820_10213394712159586_564762769_o-860x861.jpg?lossy=0&amp;strip=1&amp;webp=1 860w, https:\/\/b3213589.smushcdn.com\/3213589\/wp-content\/uploads\/2017\/07\/21267820_10213394712159586_564762769_o-680x681.jpg?lossy=0&amp;strip=1&amp;webp=1 680w, https:\/\/b3213589.smushcdn.com\/3213589\/wp-content\/uploads\/2017\/07\/21267820_10213394712159586_564762769_o-500x500.jpg?lossy=0&amp;strip=1&amp;webp=1 500w, https:\/\/b3213589.smushcdn.com\/3213589\/wp-content\/uploads\/2017\/07\/21267820_10213394712159586_564762769_o-400x400.jpg?lossy=0&amp;strip=1&amp;webp=1 400w, https:\/\/b3213589.smushcdn.com\/3213589\/wp-content\/uploads\/2017\/07\/21267820_10213394712159586_564762769_o-200x200.jpg?lossy=0&amp;strip=1&amp;webp=1 200w, https:\/\/b3213589.smushcdn.com\/3213589\/wp-content\/uploads\/2017\/07\/21267820_10213394712159586_564762769_o-50x50.jpg?lossy=0&amp;strip=1&amp;webp=1 50w, https:\/\/b3213589.smushcdn.com\/3213589\/wp-content\/uploads\/2017\/07\/21267820_10213394712159586_564762769_o.jpg?lossy=0&amp;strip=1&amp;webp=1 1333w\" data-sizes=\"(max-width: 640px) 100vw, 640px\" src=\"data:image\/gif;base64,R0lGODlhAQABAAAAACH5BAEKAAEALAAAAAABAAEAAAICTAEAOw==\" style=\"--smush-placeholder-width: 640px; --smush-placeholder-aspect-ratio: 640\/640;\" \/><noscript><img width=\"640\" height=\"640\" src=\"https:\/\/fr.radioking.com\/blog\/wp-content\/uploads\/2017\/07\/21267820_10213394712159586_564762769_o-640x640.jpg\" class=\"attachment-large size-large\" alt=\"\" decoding=\"async\" loading=\"lazy\" srcset=\"https:\/\/b3213589.smushcdn.com\/3213589\/wp-content\/uploads\/2017\/07\/21267820_10213394712159586_564762769_o-640x640.jpg?lossy=0&amp;strip=1&amp;webp=1 640w, https:\/\/b3213589.smushcdn.com\/3213589\/wp-content\/uploads\/2017\/07\/21267820_10213394712159586_564762769_o-150x150.jpg?lossy=0&amp;strip=1&amp;webp=1 150w, https:\/\/b3213589.smushcdn.com\/3213589\/wp-content\/uploads\/2017\/07\/21267820_10213394712159586_564762769_o-300x300.jpg?lossy=0&amp;strip=1&amp;webp=1 300w, https:\/\/b3213589.smushcdn.com\/3213589\/wp-content\/uploads\/2017\/07\/21267820_10213394712159586_564762769_o-768x769.jpg?lossy=0&amp;strip=1&amp;webp=1 768w, https:\/\/b3213589.smushcdn.com\/3213589\/wp-content\/uploads\/2017\/07\/21267820_10213394712159586_564762769_o-1240x1241.jpg?lossy=0&amp;strip=1&amp;webp=1 1240w, https:\/\/b3213589.smushcdn.com\/3213589\/wp-content\/uploads\/2017\/07\/21267820_10213394712159586_564762769_o-860x861.jpg?lossy=0&amp;strip=1&amp;webp=1 860w, https:\/\/b3213589.smushcdn.com\/3213589\/wp-content\/uploads\/2017\/07\/21267820_10213394712159586_564762769_o-680x681.jpg?lossy=0&amp;strip=1&amp;webp=1 680w, https:\/\/b3213589.smushcdn.com\/3213589\/wp-content\/uploads\/2017\/07\/21267820_10213394712159586_564762769_o-500x500.jpg?lossy=0&amp;strip=1&amp;webp=1 500w, https:\/\/b3213589.smushcdn.com\/3213589\/wp-content\/uploads\/2017\/07\/21267820_10213394712159586_564762769_o-400x400.jpg?lossy=0&amp;strip=1&amp;webp=1 400w, https:\/\/b3213589.smushcdn.com\/3213589\/wp-content\/uploads\/2017\/07\/21267820_10213394712159586_564762769_o-200x200.jpg?lossy=0&amp;strip=1&amp;webp=1 200w, https:\/\/b3213589.smushcdn.com\/3213589\/wp-content\/uploads\/2017\/07\/21267820_10213394712159586_564762769_o-50x50.jpg?lossy=0&amp;strip=1&amp;webp=1 50w, https:\/\/b3213589.smushcdn.com\/3213589\/wp-content\/uploads\/2017\/07\/21267820_10213394712159586_564762769_o.jpg?lossy=0&amp;strip=1&amp;webp=1 1333w\" sizes=\"(max-width: 640px) 100vw, 640px\" \/><\/noscript><\/a>\n\t\t\t<\/dt><\/dl><dl class='gallery-item'>\n\t\t\t<dt class='gallery-icon landscape'>\n\t\t\t\t<a href='https:\/\/fr.radioking.com\/blog\/boutique\/instagram2\/'><img width=\"640\" height=\"640\" data-src=\"https:\/\/fr.radioking.com\/blog\/wp-content\/uploads\/2017\/07\/Instagram2-640x640.jpg\" class=\"attachment-large size-large lazyload\" alt=\"\" decoding=\"async\" loading=\"lazy\" data-srcset=\"https:\/\/b3213589.smushcdn.com\/3213589\/wp-content\/uploads\/2017\/07\/Instagram2.jpg?lossy=0&amp;strip=1&amp;webp=1 640w, https:\/\/b3213589.smushcdn.com\/3213589\/wp-content\/uploads\/2017\/07\/Instagram2-150x150.jpg?lossy=0&amp;strip=1&amp;webp=1 150w, https:\/\/b3213589.smushcdn.com\/3213589\/wp-content\/uploads\/2017\/07\/Instagram2-300x300.jpg?lossy=0&amp;strip=1&amp;webp=1 300w, https:\/\/b3213589.smushcdn.com\/3213589\/wp-content\/uploads\/2017\/07\/Instagram2-500x500.jpg?lossy=0&amp;strip=1&amp;webp=1 500w, https:\/\/b3213589.smushcdn.com\/3213589\/wp-content\/uploads\/2017\/07\/Instagram2-400x400.jpg?lossy=0&amp;strip=1&amp;webp=1 400w, https:\/\/b3213589.smushcdn.com\/3213589\/wp-content\/uploads\/2017\/07\/Instagram2-200x200.jpg?lossy=0&amp;strip=1&amp;webp=1 200w, https:\/\/b3213589.smushcdn.com\/3213589\/wp-content\/uploads\/2017\/07\/Instagram2-50x50.jpg?lossy=0&amp;strip=1&amp;webp=1 50w\" data-sizes=\"(max-width: 640px) 100vw, 640px\" src=\"data:image\/gif;base64,R0lGODlhAQABAAAAACH5BAEKAAEALAAAAAABAAEAAAICTAEAOw==\" style=\"--smush-placeholder-width: 640px; --smush-placeholder-aspect-ratio: 640\/640;\" \/><noscript><img width=\"640\" height=\"640\" src=\"https:\/\/fr.radioking.com\/blog\/wp-content\/uploads\/2017\/07\/Instagram2-640x640.jpg\" class=\"attachment-large size-large\" alt=\"\" decoding=\"async\" loading=\"lazy\" srcset=\"https:\/\/b3213589.smushcdn.com\/3213589\/wp-content\/uploads\/2017\/07\/Instagram2.jpg?lossy=0&amp;strip=1&amp;webp=1 640w, https:\/\/b3213589.smushcdn.com\/3213589\/wp-content\/uploads\/2017\/07\/Instagram2-150x150.jpg?lossy=0&amp;strip=1&amp;webp=1 150w, https:\/\/b3213589.smushcdn.com\/3213589\/wp-content\/uploads\/2017\/07\/Instagram2-300x300.jpg?lossy=0&amp;strip=1&amp;webp=1 300w, https:\/\/b3213589.smushcdn.com\/3213589\/wp-content\/uploads\/2017\/07\/Instagram2-500x500.jpg?lossy=0&amp;strip=1&amp;webp=1 500w, https:\/\/b3213589.smushcdn.com\/3213589\/wp-content\/uploads\/2017\/07\/Instagram2-400x400.jpg?lossy=0&amp;strip=1&amp;webp=1 400w, https:\/\/b3213589.smushcdn.com\/3213589\/wp-content\/uploads\/2017\/07\/Instagram2-200x200.jpg?lossy=0&amp;strip=1&amp;webp=1 200w, https:\/\/b3213589.smushcdn.com\/3213589\/wp-content\/uploads\/2017\/07\/Instagram2-50x50.jpg?lossy=0&amp;strip=1&amp;webp=1 50w\" sizes=\"(max-width: 640px) 100vw, 640px\" \/><\/noscript><\/a>\n\t\t\t<\/dt><\/dl><br style=\"clear: both\" \/><dl class='gallery-item'>\n\t\t\t<dt class='gallery-icon portrait'>\n\t\t\t\t<a href='https:\/\/fr.radioking.com\/blog\/boutique\/21191464_10213394712479594_1876410296_o\/'><img width=\"640\" height=\"640\" data-src=\"https:\/\/fr.radioking.com\/blog\/wp-content\/uploads\/2017\/07\/21191464_10213394712479594_1876410296_o-640x640.jpg\" class=\"attachment-large size-large lazyload\" alt=\"\" decoding=\"async\" loading=\"lazy\" data-srcset=\"https:\/\/b3213589.smushcdn.com\/3213589\/wp-content\/uploads\/2017\/07\/21191464_10213394712479594_1876410296_o-640x640.jpg?lossy=0&amp;strip=1&amp;webp=1 640w, https:\/\/b3213589.smushcdn.com\/3213589\/wp-content\/uploads\/2017\/07\/21191464_10213394712479594_1876410296_o-150x150.jpg?lossy=0&amp;strip=1&amp;webp=1 150w, https:\/\/b3213589.smushcdn.com\/3213589\/wp-content\/uploads\/2017\/07\/21191464_10213394712479594_1876410296_o-300x300.jpg?lossy=0&amp;strip=1&amp;webp=1 300w, https:\/\/b3213589.smushcdn.com\/3213589\/wp-content\/uploads\/2017\/07\/21191464_10213394712479594_1876410296_o-768x769.jpg?lossy=0&amp;strip=1&amp;webp=1 768w, https:\/\/b3213589.smushcdn.com\/3213589\/wp-content\/uploads\/2017\/07\/21191464_10213394712479594_1876410296_o-1240x1241.jpg?lossy=0&amp;strip=1&amp;webp=1 1240w, https:\/\/b3213589.smushcdn.com\/3213589\/wp-content\/uploads\/2017\/07\/21191464_10213394712479594_1876410296_o-860x861.jpg?lossy=0&amp;strip=1&amp;webp=1 860w, https:\/\/b3213589.smushcdn.com\/3213589\/wp-content\/uploads\/2017\/07\/21191464_10213394712479594_1876410296_o-680x681.jpg?lossy=0&amp;strip=1&amp;webp=1 680w, https:\/\/b3213589.smushcdn.com\/3213589\/wp-content\/uploads\/2017\/07\/21191464_10213394712479594_1876410296_o-500x500.jpg?lossy=0&amp;strip=1&amp;webp=1 500w, https:\/\/b3213589.smushcdn.com\/3213589\/wp-content\/uploads\/2017\/07\/21191464_10213394712479594_1876410296_o-400x400.jpg?lossy=0&amp;strip=1&amp;webp=1 400w, https:\/\/b3213589.smushcdn.com\/3213589\/wp-content\/uploads\/2017\/07\/21191464_10213394712479594_1876410296_o-200x200.jpg?lossy=0&amp;strip=1&amp;webp=1 200w, https:\/\/b3213589.smushcdn.com\/3213589\/wp-content\/uploads\/2017\/07\/21191464_10213394712479594_1876410296_o-50x50.jpg?lossy=0&amp;strip=1&amp;webp=1 50w, https:\/\/b3213589.smushcdn.com\/3213589\/wp-content\/uploads\/2017\/07\/21191464_10213394712479594_1876410296_o.jpg?lossy=0&amp;strip=1&amp;webp=1 1333w\" data-sizes=\"(max-width: 640px) 100vw, 640px\" src=\"data:image\/gif;base64,R0lGODlhAQABAAAAACH5BAEKAAEALAAAAAABAAEAAAICTAEAOw==\" style=\"--smush-placeholder-width: 640px; --smush-placeholder-aspect-ratio: 640\/640;\" \/><noscript><img width=\"640\" height=\"640\" src=\"https:\/\/fr.radioking.com\/blog\/wp-content\/uploads\/2017\/07\/21191464_10213394712479594_1876410296_o-640x640.jpg\" class=\"attachment-large size-large\" alt=\"\" decoding=\"async\" loading=\"lazy\" srcset=\"https:\/\/b3213589.smushcdn.com\/3213589\/wp-content\/uploads\/2017\/07\/21191464_10213394712479594_1876410296_o-640x640.jpg?lossy=0&amp;strip=1&amp;webp=1 640w, https:\/\/b3213589.smushcdn.com\/3213589\/wp-content\/uploads\/2017\/07\/21191464_10213394712479594_1876410296_o-150x150.jpg?lossy=0&amp;strip=1&amp;webp=1 150w, https:\/\/b3213589.smushcdn.com\/3213589\/wp-content\/uploads\/2017\/07\/21191464_10213394712479594_1876410296_o-300x300.jpg?lossy=0&amp;strip=1&amp;webp=1 300w, https:\/\/b3213589.smushcdn.com\/3213589\/wp-content\/uploads\/2017\/07\/21191464_10213394712479594_1876410296_o-768x769.jpg?lossy=0&amp;strip=1&amp;webp=1 768w, https:\/\/b3213589.smushcdn.com\/3213589\/wp-content\/uploads\/2017\/07\/21191464_10213394712479594_1876410296_o-1240x1241.jpg?lossy=0&amp;strip=1&amp;webp=1 1240w, https:\/\/b3213589.smushcdn.com\/3213589\/wp-content\/uploads\/2017\/07\/21191464_10213394712479594_1876410296_o-860x861.jpg?lossy=0&amp;strip=1&amp;webp=1 860w, https:\/\/b3213589.smushcdn.com\/3213589\/wp-content\/uploads\/2017\/07\/21191464_10213394712479594_1876410296_o-680x681.jpg?lossy=0&amp;strip=1&amp;webp=1 680w, https:\/\/b3213589.smushcdn.com\/3213589\/wp-content\/uploads\/2017\/07\/21191464_10213394712479594_1876410296_o-500x500.jpg?lossy=0&amp;strip=1&amp;webp=1 500w, https:\/\/b3213589.smushcdn.com\/3213589\/wp-content\/uploads\/2017\/07\/21191464_10213394712479594_1876410296_o-400x400.jpg?lossy=0&amp;strip=1&amp;webp=1 400w, https:\/\/b3213589.smushcdn.com\/3213589\/wp-content\/uploads\/2017\/07\/21191464_10213394712479594_1876410296_o-200x200.jpg?lossy=0&amp;strip=1&amp;webp=1 200w, https:\/\/b3213589.smushcdn.com\/3213589\/wp-content\/uploads\/2017\/07\/21191464_10213394712479594_1876410296_o-50x50.jpg?lossy=0&amp;strip=1&amp;webp=1 50w, https:\/\/b3213589.smushcdn.com\/3213589\/wp-content\/uploads\/2017\/07\/21191464_10213394712479594_1876410296_o.jpg?lossy=0&amp;strip=1&amp;webp=1 1333w\" sizes=\"(max-width: 640px) 100vw, 640px\" \/><\/noscript><\/a>\n\t\t\t<\/dt><\/dl><dl class='gallery-item'>\n\t\t\t<dt class='gallery-icon landscape'>\n\t\t\t\t<a href='https:\/\/fr.radioking.com\/blog\/boutique\/instagram3\/'><img width=\"640\" height=\"640\" data-src=\"https:\/\/fr.radioking.com\/blog\/wp-content\/uploads\/2017\/07\/Instagram3-640x640.jpg\" class=\"attachment-large size-large lazyload\" alt=\"\" decoding=\"async\" loading=\"lazy\" data-srcset=\"https:\/\/b3213589.smushcdn.com\/3213589\/wp-content\/uploads\/2017\/07\/Instagram3.jpg?lossy=0&amp;strip=1&amp;webp=1 640w, https:\/\/b3213589.smushcdn.com\/3213589\/wp-content\/uploads\/2017\/07\/Instagram3-150x150.jpg?lossy=0&amp;strip=1&amp;webp=1 150w, https:\/\/b3213589.smushcdn.com\/3213589\/wp-content\/uploads\/2017\/07\/Instagram3-300x300.jpg?lossy=0&amp;strip=1&amp;webp=1 300w, https:\/\/b3213589.smushcdn.com\/3213589\/wp-content\/uploads\/2017\/07\/Instagram3-500x500.jpg?lossy=0&amp;strip=1&amp;webp=1 500w, https:\/\/b3213589.smushcdn.com\/3213589\/wp-content\/uploads\/2017\/07\/Instagram3-400x400.jpg?lossy=0&amp;strip=1&amp;webp=1 400w, https:\/\/b3213589.smushcdn.com\/3213589\/wp-content\/uploads\/2017\/07\/Instagram3-200x200.jpg?lossy=0&amp;strip=1&amp;webp=1 200w, https:\/\/b3213589.smushcdn.com\/3213589\/wp-content\/uploads\/2017\/07\/Instagram3-50x50.jpg?lossy=0&amp;strip=1&amp;webp=1 50w\" data-sizes=\"(max-width: 640px) 100vw, 640px\" src=\"data:image\/gif;base64,R0lGODlhAQABAAAAACH5BAEKAAEALAAAAAABAAEAAAICTAEAOw==\" style=\"--smush-placeholder-width: 640px; --smush-placeholder-aspect-ratio: 640\/640;\" \/><noscript><img width=\"640\" height=\"640\" src=\"https:\/\/fr.radioking.com\/blog\/wp-content\/uploads\/2017\/07\/Instagram3-640x640.jpg\" class=\"attachment-large size-large\" alt=\"\" decoding=\"async\" loading=\"lazy\" srcset=\"https:\/\/b3213589.smushcdn.com\/3213589\/wp-content\/uploads\/2017\/07\/Instagram3.jpg?lossy=0&amp;strip=1&amp;webp=1 640w, https:\/\/b3213589.smushcdn.com\/3213589\/wp-content\/uploads\/2017\/07\/Instagram3-150x150.jpg?lossy=0&amp;strip=1&amp;webp=1 150w, https:\/\/b3213589.smushcdn.com\/3213589\/wp-content\/uploads\/2017\/07\/Instagram3-300x300.jpg?lossy=0&amp;strip=1&amp;webp=1 300w, https:\/\/b3213589.smushcdn.com\/3213589\/wp-content\/uploads\/2017\/07\/Instagram3-500x500.jpg?lossy=0&amp;strip=1&amp;webp=1 500w, https:\/\/b3213589.smushcdn.com\/3213589\/wp-content\/uploads\/2017\/07\/Instagram3-400x400.jpg?lossy=0&amp;strip=1&amp;webp=1 400w, https:\/\/b3213589.smushcdn.com\/3213589\/wp-content\/uploads\/2017\/07\/Instagram3-200x200.jpg?lossy=0&amp;strip=1&amp;webp=1 200w, https:\/\/b3213589.smushcdn.com\/3213589\/wp-content\/uploads\/2017\/07\/Instagram3-50x50.jpg?lossy=0&amp;strip=1&amp;webp=1 50w\" sizes=\"(max-width: 640px) 100vw, 640px\" \/><\/noscript><\/a>\n\t\t\t<\/dt><\/dl>\n\t\t\t<br style='clear: both' \/>\n\t\t<\/div>\n\n","protected":false},"excerpt":{"rendered":"<p>D\u00c9COUVREZ TOUTE LA COLLECTION RADIOKING RadioKing Toute l&rsquo;\u00e9quipe l&rsquo;a d\u00e9j\u00e0 adopt\u00e9e, et vous ?\u00a0 Partagez-nous vos achats sur le hashtag #ILoveRadioKing !<\/p>\n","protected":false},"author":55,"featured_media":14676,"parent":0,"menu_order":0,"comment_status":"closed","ping_status":"closed","template":"","meta":{"footnotes":""},"_links":{"self":[{"href":"https:\/\/fr.radioking.com\/blog\/wp-json\/wp\/v2\/pages\/13995"}],"collection":[{"href":"https:\/\/fr.radioking.com\/blog\/wp-json\/wp\/v2\/pages"}],"about":[{"href":"https:\/\/fr.radioking.com\/blog\/wp-json\/wp\/v2\/types\/page"}],"author":[{"embeddable":true,"href":"https:\/\/fr.radioking.com\/blog\/wp-json\/wp\/v2\/users\/55"}],"replies":[{"embeddable":true,"href":"https:\/\/fr.radioking.com\/blog\/wp-json\/wp\/v2\/comments?post=13995"}],"version-history":[{"count":38,"href":"https:\/\/fr.radioking.com\/blog\/wp-json\/wp\/v2\/pages\/13995\/revisions"}],"predecessor-version":[{"id":14673,"href":"https:\/\/fr.radioking.com\/blog\/wp-json\/wp\/v2\/pages\/13995\/revisions\/14673"}],"wp:featuredmedia":[{"embeddable":true,"href":"https:\/\/fr.radioking.com\/blog\/wp-json\/wp\/v2\/media\/14676"}],"wp:attachment":[{"href":"https:\/\/fr.radioking.com\/blog\/wp-json\/wp\/v2\/media?parent=13995"}],"curies":[{"name":"wp","href":"https:\/\/api.w.org\/{rel}","templated":true}]}}