{"id":12758,"date":"2017-07-04T15:58:18","date_gmt":"2017-07-04T13:58:18","guid":{"rendered":"https:\/\/www.radioking.com\/blog\/?page_id=12758"},"modified":"2017-07-21T12:41:31","modified_gmt":"2017-07-21T10:41:31","slug":"participez-a-notre-prochain-showcase","status":"publish","type":"page","link":"https:\/\/fr.radioking.com\/blog\/participez-a-notre-prochain-showcase\/","title":{"rendered":"Participez \u00e0 notre prochain Showcase !"},"content":{"rendered":"<p style=\"text-align: center;\">Votre <strong>projet<\/strong> &amp; votre <strong>histoire<\/strong> nous int\u00e9ressent, c&rsquo;est pourquoi nous vous proposons aujourd&rsquo;hui un formulaire pour participer \u00e0 la rubrique <strong>Showcase<\/strong> de notre <a href=\"https:\/\/fr.radioking.com\/blog\/\" target=\"_blank\" rel=\"noopener\"><strong>blog<\/strong><\/a>.<\/p>\n<p style=\"text-align: center;\">Alors, n&rsquo;h\u00e9sitez pas \u00e0 nous faire part de votre aventure, de son origine et de tout ce qui l&rsquo;entoure !<\/p>\n<p style=\"text-align: center;\">Quelques exemples :\u00a0<em><a href=\"https:\/\/fr.radioking.com\/blog\/showcase-decouvrez-paris-chanson\/\" target=\"_blank\" rel=\"noopener\"><strong>Paris Chanson<\/strong><\/a>,\u00a0<strong><a href=\"https:\/\/fr.radioking.com\/blog\/showcase-decouvrez-stereochic\/\" target=\"_blank\" rel=\"noopener\">StereoChic<\/a><\/strong>,<strong>\u00a0<a href=\"https:\/\/fr.radioking.com\/blog\/showcase-decouvrez-tsugi-radio\/\" target=\"_blank\" rel=\"noopener\">Tsugi Radio<\/a><\/strong>, &#8230;<\/em><\/p>\n<p><!--more--><\/p>\n<p>&nbsp;<\/p>\n<p><iframe loading=\"lazy\" style=\"width: 100%; height: 2160px;\" data-src=\"https:\/\/docs.google.com\/forms\/d\/11tuwVYHk0Tza04xCDwwAMln1Irf6Wje39elJkl9yyIc\/viewform?embedded=true\" width=\"300\" height=\"150\" frameborder=\"0\" marginwidth=\"0\" marginheight=\"0\" scrolling=\"no\" src=\"data:image\/gif;base64,R0lGODlhAQABAAAAACH5BAEKAAEALAAAAAABAAEAAAICTAEAOw==\" class=\"lazyload\" data-load-mode=\"1\">Chargement en cours&#8230;<\/iframe><\/p>\n<p>&nbsp;<\/p>\n<p style=\"text-align: center;\">Merci d\u2019avoir particip\u00e9 !<\/p>\n<p style=\"text-align: center;\"><strong>#TeamRadioKing<\/strong><\/p>\n","protected":false},"excerpt":{"rendered":"<p>Votre projet &amp; votre histoire nous int\u00e9ressent, c&rsquo;est pourquoi nous vous proposons aujourd&rsquo;hui un formulaire pour participer \u00e0 la rubrique Showcase de notre blog. Alors, n&rsquo;h\u00e9sitez pas \u00e0 nous faire part de votre aventure, de son origine et de tout ce qui l&rsquo;entoure ! Quelques exemples :\u00a0Paris Chanson,\u00a0StereoChic,\u00a0Tsugi Radio, &#8230;<\/p>\n","protected":false},"author":55,"featured_media":13597,"parent":0,"menu_order":0,"comment_status":"closed","ping_status":"closed","template":"","meta":{"footnotes":""},"_links":{"self":[{"href":"https:\/\/fr.radioking.com\/blog\/wp-json\/wp\/v2\/pages\/12758"}],"collection":[{"href":"https:\/\/fr.radioking.com\/blog\/wp-json\/wp\/v2\/pages"}],"about":[{"href":"https:\/\/fr.radioking.com\/blog\/wp-json\/wp\/v2\/types\/page"}],"author":[{"embeddable":true,"href":"https:\/\/fr.radioking.com\/blog\/wp-json\/wp\/v2\/users\/55"}],"replies":[{"embeddable":true,"href":"https:\/\/fr.radioking.com\/blog\/wp-json\/wp\/v2\/comments?post=12758"}],"version-history":[{"count":27,"href":"https:\/\/fr.radioking.com\/blog\/wp-json\/wp\/v2\/pages\/12758\/revisions"}],"predecessor-version":[{"id":13599,"href":"https:\/\/fr.radioking.com\/blog\/wp-json\/wp\/v2\/pages\/12758\/revisions\/13599"}],"wp:featuredmedia":[{"embeddable":true,"href":"https:\/\/fr.radioking.com\/blog\/wp-json\/wp\/v2\/media\/13597"}],"wp:attachment":[{"href":"https:\/\/fr.radioking.com\/blog\/wp-json\/wp\/v2\/media?parent=12758"}],"curies":[{"name":"wp","href":"https:\/\/api.w.org\/{rel}","templated":true}]}}